{"id":1086,"date":"2023-02-24T18:32:24","date_gmt":"2023-02-24T18:32:24","guid":{"rendered":"https:\/\/lunemakers.com\/?page_id=1086"},"modified":"2023-03-01T15:44:51","modified_gmt":"2023-03-01T15:44:51","slug":"privacy-cookies","status":"publish","type":"page","link":"https:\/\/lunemakers.com\/es\/privacidad-cookies\/","title":{"rendered":"Privacidad y cookies"},"content":{"rendered":"<div data-elementor-type=\"wp-page\" data-elementor-id=\"1086\" class=\"elementor elementor-1086\" data-elementor-post-type=\"page\">\n\t\t\t\t\t\t<div class=\"elementor-inner\">\n\t\t\t\t<div class=\"elementor-section-wrap\">\n\t\t\t\t\t\t\t\t\t<section class=\"elementor-section elementor-top-section elementor-element elementor-element-45c112c0 elementor-section-height-min-height elementor-section-boxed elementor-section-height-default elementor-section-items-middle\" data-id=\"45c112c0\" data-element_type=\"section\" data-settings=\"{&quot;background_background&quot;:&quot;gradient&quot;,&quot;shape_divider_bottom&quot;:&quot;waves&quot;}\">\n\t\t\t\t\t\t\t<div class=\"elementor-background-overlay\"><\/div>\n\t\t\t\t\t\t<div class=\"elementor-shape elementor-shape-bottom\" data-negative=\"false\">\n\t\t\t<svg xmlns=\"http:\/\/www.w3.org\/2000\/svg\" viewbox=\"0 0 1000 100\" preserveaspectratio=\"none\">\n\t<path class=\"elementor-shape-fill\" d=\"M421.9,6.5c22.6-2.5,51.5,0.4,75.5,5.3c23.6,4.9,70.9,23.5,100.5,35.7c75.8,32.2,133.7,44.5,192.6,49.7\tc23.6,2.1,48.7,3.5,103.4-2.5c54.7-6,106.2-25.6,106.2-25.6V0H0v30.3c0,0,72,32.6,158.4,30.5c39.2-0.7,92.8-6.7,134-22.4\tc21.2-8.1,52.2-18.2,79.7-24.2C399.3,7.9,411.6,7.5,421.9,6.5z\"\/>\n<\/svg>\t\t<\/div>\n\t\t\t\t\t<div class=\"elementor-container elementor-column-gap-default\">\n\t\t\t\t\t\t\t<div class=\"elementor-row\">\n\t\t\t\t\t<div class=\"elementor-column elementor-col-100 elementor-top-column elementor-element elementor-element-208ca143\" data-id=\"208ca143\" data-element_type=\"column\">\n\t\t\t<div class=\"elementor-column-wrap elementor-element-populated\">\n\t\t\t\t\t\t\t<div class=\"elementor-widget-wrap\">\n\t\t\t\t\t\t<div class=\"elementor-element elementor-element-301b2f1a elementor-widget elementor-widget-heading\" data-id=\"301b2f1a\" data-element_type=\"widget\" data-widget_type=\"heading.default\">\n\t\t\t\t<div class=\"elementor-widget-container\">\n\t\t\t<h1 class=\"elementor-heading-title elementor-size-default\">Privacidad y cookies<\/h1>\t\t<\/div>\n\t\t\t\t<\/div>\n\t\t\t\t\t\t<\/div>\n\t\t\t\t\t<\/div>\n\t\t<\/div>\n\t\t\t\t\t\t\t\t<\/div>\n\t\t\t\t\t<\/div>\n\t\t<\/section>\n\t\t\t\t<section class=\"elementor-section elementor-top-section elementor-element elementor-element-e567943 elementor-section-boxed elementor-section-height-default elementor-section-height-default\" data-id=\"e567943\" data-element_type=\"section\">\n\t\t\t\t\t\t<div class=\"elementor-container elementor-column-gap-default\">\n\t\t\t\t\t\t\t<div class=\"elementor-row\">\n\t\t\t\t\t<div class=\"elementor-column elementor-col-100 elementor-top-column elementor-element elementor-element-0a30925\" data-id=\"0a30925\" data-element_type=\"column\">\n\t\t\t<div class=\"elementor-column-wrap elementor-element-populated\">\n\t\t\t\t\t\t\t<div class=\"elementor-widget-wrap\">\n\t\t\t\t\t\t<div class=\"elementor-element elementor-element-e15b7c1 elementor-widget elementor-widget-text-editor\" data-id=\"e15b7c1\" data-element_type=\"widget\" data-widget_type=\"text-editor.default\">\n\t\t\t\t<div class=\"elementor-widget-container\">\n\t\t\t\t\t\t\t\t<div class=\"elementor-text-editor elementor-clearfix\">\n\t\t\t\t<p>En Lune Makers, nos tomamos muy en serio su privacidad. Esta pol\u00edtica de privacidad y cookies explica c\u00f3mo usamos y protegemos su informaci\u00f3n personal.<\/p><ol><li><p>Recopilaci\u00f3n de informaci\u00f3n: recopilamos informaci\u00f3n personal, como su nombre y direcci\u00f3n de correo electr\u00f3nico, cuando se suscribe a nuestro bolet\u00edn informativo o se comunica con nosotros a trav\u00e9s de nuestro sitio web. Tambi\u00e9n podemos recopilar informaci\u00f3n an\u00f3nima, como su direcci\u00f3n IP y las p\u00e1ginas que visita en nuestro sitio web, mediante el uso de cookies.<\/p><\/li><li><p>Uso de la informaci\u00f3n: Usamos su informaci\u00f3n personal para comunicarnos con usted y brindarle informaci\u00f3n sobre nuestros servicios. Tambi\u00e9n podemos utilizar informaci\u00f3n an\u00f3nima para analizar el uso del sitio web y mejorar nuestro sitio web.<\/p><\/li><li><p>Intercambio de informaci\u00f3n: no vendemos ni compartimos su informaci\u00f3n personal con terceros, excepto seg\u00fan lo requiera la ley o seg\u00fan sea necesario para brindarle nuestros servicios.<\/p><\/li><li><p>Seguridad de datos: Tomamos medidas razonables para proteger su informaci\u00f3n personal del acceso o divulgaci\u00f3n no autorizados.<\/p><\/li><li><p>Cookies: utilizamos cookies para recopilar informaci\u00f3n an\u00f3nima sobre el uso del sitio web. Puede deshabilitar las cookies en su navegador web, pero esto puede afectar su capacidad para usar ciertas funciones de nuestro sitio web.<\/p><\/li><li><p>Actualizaciones de la Pol\u00edtica: Nos reservamos el derecho de actualizar esta Pol\u00edtica de Privacidad y Cookies en cualquier momento. Publicaremos la pol\u00edtica actualizada en nuestro sitio web, as\u00ed que rev\u00edsela peri\u00f3dicamente.<\/p><\/li><\/ol><p>Si tiene alguna pregunta o inquietud acerca de nuestros T\u00e9rminos y condiciones o Pol\u00edtica de privacidad y cookies, comun\u00edquese con nosotros.<\/p>\t\t\t\t\t<\/div>\n\t\t\t\t\t\t<\/div>\n\t\t\t\t<\/div>\n\t\t\t\t\t\t<\/div>\n\t\t\t\t\t<\/div>\n\t\t<\/div>\n\t\t\t\t\t\t\t\t<\/div>\n\t\t\t\t\t<\/div>\n\t\t<\/section>\n\t\t\t\t<section class=\"elementor-section elementor-top-section elementor-element elementor-element-25eed765 elementor-section-boxed elementor-section-height-default elementor-section-height-default\" data-id=\"25eed765\" data-element_type=\"section\" data-settings=\"{&quot;background_background&quot;:&quot;gradient&quot;,&quot;shape_divider_top&quot;:&quot;waves&quot;}\">\n\t\t\t\t\t\t\t<div class=\"elementor-background-overlay\"><\/div>\n\t\t\t\t\t\t<div class=\"elementor-shape elementor-shape-top\" data-negative=\"false\">\n\t\t\t<svg xmlns=\"http:\/\/www.w3.org\/2000\/svg\" viewbox=\"0 0 1000 100\" preserveaspectratio=\"none\">\n\t<path class=\"elementor-shape-fill\" d=\"M421.9,6.5c22.6-2.5,51.5,0.4,75.5,5.3c23.6,4.9,70.9,23.5,100.5,35.7c75.8,32.2,133.7,44.5,192.6,49.7\tc23.6,2.1,48.7,3.5,103.4-2.5c54.7-6,106.2-25.6,106.2-25.6V0H0v30.3c0,0,72,32.6,158.4,30.5c39.2-0.7,92.8-6.7,134-22.4\tc21.2-8.1,52.2-18.2,79.7-24.2C399.3,7.9,411.6,7.5,421.9,6.5z\"\/>\n<\/svg>\t\t<\/div>\n\t\t\t\t\t<div class=\"elementor-container elementor-column-gap-default\">\n\t\t\t\t\t\t\t<div class=\"elementor-row\">\n\t\t\t\t\t<div class=\"elementor-column elementor-col-50 elementor-top-column elementor-element elementor-element-2baad44c\" data-id=\"2baad44c\" data-element_type=\"column\">\n\t\t\t<div class=\"elementor-column-wrap elementor-element-populated\">\n\t\t\t\t\t\t\t<div class=\"elementor-widget-wrap\">\n\t\t\t\t\t\t<div class=\"elementor-element elementor-element-262d1c02 elementor-widget elementor-widget-heading\" data-id=\"262d1c02\" data-element_type=\"widget\" data-widget_type=\"heading.default\">\n\t\t\t\t<div class=\"elementor-widget-container\">\n\t\t\t<h4 class=\"elementor-heading-title elementor-size-default\">\u00bfQuiere aprender m\u00e1s sobre c\u00f3mo somos nosotros? <\/h4>\t\t<\/div>\n\t\t\t\t<\/div>\n\t\t\t\t<div class=\"elementor-element elementor-element-486bc94 elementor-mobile-align-center elementor-widget elementor-widget-button\" data-id=\"486bc94\" data-element_type=\"widget\" data-widget_type=\"button.default\">\n\t\t\t\t<div class=\"elementor-widget-container\">\n\t\t\t\t\t<div class=\"elementor-button-wrapper\">\n\t\t\t<a class=\"elementor-button elementor-button-link elementor-size-md\" href=\"https:\/\/lunemakers.com\/es\/acerca-de\/\">\n\t\t\t\t\t\t<span class=\"elementor-button-content-wrapper\">\n\t\t\t\t\t\t<span class=\"elementor-button-icon elementor-align-icon-right\">\n\t\t\t\t<i aria-hidden=\"true\" class=\"fas fa-arrow-right\"><\/i>\t\t\t<\/span>\n\t\t\t\t\t\t<span class=\"elementor-button-text\">Sobre nosotros<\/span>\n\t\t<\/span>\n\t\t\t\t\t<\/a>\n\t\t<\/div>\n\t\t\t\t<\/div>\n\t\t\t\t<\/div>\n\t\t\t\t\t\t<\/div>\n\t\t\t\t\t<\/div>\n\t\t<\/div>\n\t\t\t\t<div class=\"elementor-column elementor-col-50 elementor-top-column elementor-element elementor-element-7e1f4f91\" data-id=\"7e1f4f91\" data-element_type=\"column\">\n\t\t\t<div class=\"elementor-column-wrap elementor-element-populated\">\n\t\t\t\t\t\t\t<div class=\"elementor-widget-wrap\">\n\t\t\t\t\t\t<div class=\"elementor-element elementor-element-25741e63 elementor-widget elementor-widget-image\" data-id=\"25741e63\" data-element_type=\"widget\" data-settings=\"{&quot;motion_fx_motion_fx_scrolling&quot;:&quot;yes&quot;,&quot;motion_fx_translateY_effect&quot;:&quot;yes&quot;,&quot;motion_fx_translateY_direction&quot;:&quot;negative&quot;,&quot;motion_fx_translateY_speed&quot;:{&quot;unit&quot;:&quot;px&quot;,&quot;size&quot;:&quot;1&quot;,&quot;sizes&quot;:[]},&quot;motion_fx_devices&quot;:[&quot;desktop&quot;,&quot;tablet&quot;],&quot;motion_fx_translateY_affectedRange&quot;:{&quot;unit&quot;:&quot;%&quot;,&quot;size&quot;:&quot;&quot;,&quot;sizes&quot;:{&quot;start&quot;:&quot;0&quot;,&quot;end&quot;:&quot;50&quot;}}}\" data-widget_type=\"image.default\">\n\t\t\t\t<div class=\"elementor-widget-container\">\n\t\t\t\t\t\t\t\t<div class=\"elementor-image\">\n\t\t\t\t\t\t\t\t\t\t\t\t<img decoding=\"async\" width=\"539\" height=\"539\" src=\"https:\/\/lunemakers.com\/wp-content\/uploads\/2023\/02\/CTA-contact-us-new.png\" class=\"attachment-full size-full wp-image-64\" alt=\"\" loading=\"lazy\" srcset=\"https:\/\/lunemakers.com\/wp-content\/uploads\/2023\/02\/CTA-contact-us-new.png 539w, https:\/\/lunemakers.com\/wp-content\/uploads\/2023\/02\/CTA-contact-us-new-300x300.png 300w, https:\/\/lunemakers.com\/wp-content\/uploads\/2023\/02\/CTA-contact-us-new-150x150.png 150w\" sizes=\"(max-width: 539px) 100vw, 539px\" \/>\t\t\t\t\t\t\t\t\t\t\t\t\t\t<\/div>\n\t\t\t\t\t\t<\/div>\n\t\t\t\t<\/div>\n\t\t\t\t\t\t<\/div>\n\t\t\t\t\t<\/div>\n\t\t<\/div>\n\t\t\t\t\t\t\t\t<\/div>\n\t\t\t\t\t<\/div>\n\t\t<\/section>\n\t\t\t\t\t\t\t\t\t<\/div>\n\t\t\t<\/div>\n\t\t\t\t\t<\/div>","protected":false},"excerpt":{"rendered":"<p>Privacidad y cookies En Lune Makers, nos tomamos en serio su privacidad. Esta pol\u00edtica de Privacidad y Cookies explica c\u00f3mo utilizamos y protegemos su informaci\u00f3n personal. Recopilaci\u00f3n de informaci\u00f3n: Recopilamos informaci\u00f3n personal, como su nombre y direcci\u00f3n de correo electr\u00f3nico, cuando se suscribe a nuestro bolet\u00edn informativo o se comunica con nosotros a trav\u00e9s de nuestro sitio web. Tambi\u00e9n podemos recopilar [\u2026]<\/p>","protected":false},"author":1,"featured_media":0,"parent":0,"menu_order":0,"comment_status":"closed","ping_status":"closed","template":"elementor_header_footer","meta":{"_seopress_robots_primary_cat":""},"_links":{"self":[{"href":"https:\/\/lunemakers.com\/es\/wp-json\/wp\/v2\/pages\/1086"}],"collection":[{"href":"https:\/\/lunemakers.com\/es\/wp-json\/wp\/v2\/pages"}],"about":[{"href":"https:\/\/lunemakers.com\/es\/wp-json\/wp\/v2\/types\/page"}],"author":[{"embeddable":true,"href":"https:\/\/lunemakers.com\/es\/wp-json\/wp\/v2\/users\/1"}],"replies":[{"embeddable":true,"href":"https:\/\/lunemakers.com\/es\/wp-json\/wp\/v2\/comments?post=1086"}],"version-history":[{"count":3,"href":"https:\/\/lunemakers.com\/es\/wp-json\/wp\/v2\/pages\/1086\/revisions"}],"predecessor-version":[{"id":1089,"href":"https:\/\/lunemakers.com\/es\/wp-json\/wp\/v2\/pages\/1086\/revisions\/1089"}],"wp:attachment":[{"href":"https:\/\/lunemakers.com\/es\/wp-json\/wp\/v2\/media?parent=1086"}],"curies":[{"name":"wp","href":"https:\/\/api.w.org\/{rel}","templated":true}]}}